{"id":15,"date":"2025-09-25T17:52:11","date_gmt":"2025-09-25T14:52:11","guid":{"rendered":"https:\/\/patounaslaw.gr\/?page_id=15"},"modified":"2025-09-28T21:55:15","modified_gmt":"2025-09-28T18:55:15","slug":"about-us","status":"publish","type":"page","link":"https:\/\/patounaslaw.gr\/fr\/about-us\/","title":{"rendered":"\u00c0 propos de nous"},"content":{"rendered":"\n<p>Le cabinet d\u2019avocats Patounas &amp; Associ\u00e9s a \u00e9t\u00e9 fond\u00e9 en 1990 par Christos D. Patounas et, depuis lors, sert avec constance et professionnalisme les citoyens et les entreprises qui nous accordent leur confiance. Bas\u00e9s \u00e0 Thessalonique, au 35 de la rue Egnatia, nous sommes install\u00e9s dans des bureaux modernes et enti\u00e8rement \u00e9quip\u00e9s, refl\u00e9tant notre respect envers nos clients et notre engagement pour un service de qualit\u00e9.<\/p>\n\n\n\n<p>Depuis nos d\u00e9buts jusqu\u2019\u00e0 aujourd\u2019hui, notre objectif principal est de fournir des services juridiques de haut niveau, adapt\u00e9s aux besoins r\u00e9els de chaque client. Notre philosophie repose sur une relation personnelle de confiance, sur la transparence et sur l\u2019int\u00e9grit\u00e9, en offrant des solutions qui ne sont pas seulement juridiquement solides, mais \u00e9galement concr\u00e8tement applicables.<\/p>\n\n\n\n<p>Notre cabinet intervient dans un large \u00e9ventail de domaines juridiques, avec une expertise particuli\u00e8re en mati\u00e8re d\u2019accidents de la route, d\u2019accidents du travail, de n\u00e9gligence m\u00e9dicale et d\u2019indemnisation. Nous poss\u00e9dons \u00e9galement une longue exp\u00e9rience en droit p\u00e9nal, repr\u00e9sentant aussi bien les pr\u00e9venus que les victimes dans des affaires p\u00e9nales graves, ainsi qu\u2019en droit civil et commercial, en couvrant des services tels que les questions bancaires, la restructuration de dettes, les relations d\u2019entreprise et les contrats. Gr\u00e2ce \u00e0 des outils tels que le m\u00e9canisme extrajudiciaire de r\u00e8glement des dettes et les accords bilat\u00e9raux, nous obtenons des solutions substantielles et durables pour les particuliers et les entreprises.<\/p>\n\n\n\n<p>Notre \u00e9quipe est compos\u00e9e d\u2019avocats dot\u00e9s d\u2019une solide formation acad\u00e9mique et sp\u00e9cialis\u00e9s dans des domaines cl\u00e9s du droit, qui allient connaissances th\u00e9oriques et exp\u00e9rience pratique. Nous investissons en permanence dans la formation et le perfectionnement afin de rester toujours inform\u00e9s des \u00e9volutions l\u00e9gislatives, jurisprudentielles et des pratiques juridiques contemporaines.<\/p>\n\n\n\n<p>Nous accordons une attention particuli\u00e8re \u00e0 l\u2019\u00e9tude d\u00e9taill\u00e9e de chaque affaire et \u00e0 l\u2019\u00e9laboration d\u2019une strat\u00e9gie personnalis\u00e9e. Pour nous, chaque affaire est unique et chaque client m\u00e9rite notre temps et notre attention. Notre objectif est d\u2019assurer la meilleure protection et justice possible, que ce soit par le biais de proc\u00e9dures judiciaires ou par un accompagnement juridique pr\u00e9ventif.<\/p>\n\n\n\n<p>Notre mission ne se limite pas \u00e0 la d\u00e9fense des droits, mais s\u2019\u00e9tend \u00e9galement \u00e0 la pr\u00e9vention des litiges et des risques juridiques. Nous fournissons des services de conseil qui renforcent la s\u00e9curit\u00e9 juridique de nos clients et les aident \u00e0 prendre des d\u00e9cisions \u00e9clair\u00e9es pour leur avenir.<\/p>\n\n\n\n<p>Avec respect, transparence et d\u00e9vouement, depuis plus de trois d\u00e9cennies, nous nous tenons aux c\u00f4t\u00e9s des personnes et des entreprises qui nous font confiance. Pour nous, la r\u00e9ussite ne se mesure pas seulement aux victoires judiciaires, mais aussi aux relations de confiance durables que nous construisons avec nos clients et \u00e0 notre contribution constante \u00e0 la justice et \u00e0 la soci\u00e9t\u00e9.<\/p>\n","protected":false},"excerpt":{"rendered":"<p>Le cabinet d\u2019avocats Patounas &amp; Associ\u00e9s a \u00e9t\u00e9 fond\u00e9 en 1990 par Christos D. Patounas et, depuis lors, sert avec constance et professionnalisme les citoyens et les entreprises qui nous accordent leur confiance. Bas\u00e9s \u00e0 Thessalonique, au 35 de la rue Egnatia, nous sommes install\u00e9s dans des bureaux modernes et enti\u00e8rement \u00e9quip\u00e9s, refl\u00e9tant notre respect<a href=\"https:\/\/patounaslaw.gr\/fr\/about-us\/\">Continue reading <span class=\"sr-only\">&#8220;\u00c0 propos de nous&#8221;<\/span><\/a><\/p>\n","protected":false},"author":1,"featured_media":0,"parent":0,"menu_order":0,"comment_status":"closed","ping_status":"closed","template":"","meta":{"_acf_changed":false,"footnotes":""},"class_list":["post-15","page","type-page","status-publish","hentry"],"translation":{"provider":"WPGlobus","version":"3.0.2","language":"fr","enabled_languages":["el","en","de","ru","fr"],"languages":{"el":{"title":true,"content":true,"excerpt":false},"en":{"title":true,"content":true,"excerpt":false},"de":{"title":true,"content":true,"excerpt":false},"ru":{"title":true,"content":true,"excerpt":false},"fr":{"title":true,"content":true,"excerpt":false}}},"acf":[],"jetpack_sharing_enabled":true,"_links":{"self":[{"href":"https:\/\/patounaslaw.gr\/fr\/wp-json\/wp\/v2\/pages\/15","targetHints":{"allow":["GET"]}}],"collection":[{"href":"https:\/\/patounaslaw.gr\/fr\/wp-json\/wp\/v2\/pages"}],"about":[{"href":"https:\/\/patounaslaw.gr\/fr\/wp-json\/wp\/v2\/types\/page"}],"author":[{"embeddable":true,"href":"https:\/\/patounaslaw.gr\/fr\/wp-json\/wp\/v2\/users\/1"}],"replies":[{"embeddable":true,"href":"https:\/\/patounaslaw.gr\/fr\/wp-json\/wp\/v2\/comments?post=15"}],"version-history":[{"count":11,"href":"https:\/\/patounaslaw.gr\/fr\/wp-json\/wp\/v2\/pages\/15\/revisions"}],"predecessor-version":[{"id":182,"href":"https:\/\/patounaslaw.gr\/fr\/wp-json\/wp\/v2\/pages\/15\/revisions\/182"}],"wp:attachment":[{"href":"https:\/\/patounaslaw.gr\/fr\/wp-json\/wp\/v2\/media?parent=15"}],"curies":[{"name":"wp","href":"https:\/\/api.w.org\/{rel}","templated":true}]}}