{"id":15,"date":"2025-09-25T17:52:11","date_gmt":"2025-09-25T14:52:11","guid":{"rendered":"https:\/\/patounaslaw.gr\/?page_id=15"},"modified":"2025-09-28T21:55:15","modified_gmt":"2025-09-28T18:55:15","slug":"about-us","status":"publish","type":"page","link":"https:\/\/patounaslaw.gr\/de\/about-us\/","title":{"rendered":"\u00dcber Uns"},"content":{"rendered":"\n<p>Die Anwaltskanzlei Patounas &amp; Partner wurde 1990 von Christos D. Patounas gegr\u00fcndet und dient seitdem B\u00fcrgern und Unternehmen, die uns ihr Vertrauen schenken, mit Konsequenz und Professionalit\u00e4t. Mit Sitz in Thessaloniki, Egnatia-Stra\u00dfe 35, befinden wir uns in modernen und vollst\u00e4ndig ausgestatteten R\u00e4umlichkeiten, die unseren Respekt gegen\u00fcber den Mandanten und unser Engagement f\u00fcr qualitativ hochwertige Dienstleistungen widerspiegeln.<\/p>\n\n\n\n<p>Seit unseren ersten Schritten bis heute ist unser Hauptziel die Erbringung hochwertiger Rechtsdienstleistungen, die an die tats\u00e4chlichen Bed\u00fcrfnisse jedes Mandanten angepasst sind. Unsere Philosophie basiert auf einer pers\u00f6nlichen Vertrauensbeziehung, auf Transparenz und Integrit\u00e4t, mit L\u00f6sungen, die nicht nur rechtlich fundiert, sondern auch praktisch umsetzbar sind.<\/p>\n\n\n\n<p>Unsere Kanzlei ist in einem breiten Spektrum von Rechtsgebieten t\u00e4tig, mit besonderer Expertise in Verkehrsunf\u00e4llen, Arbeitsunf\u00e4llen, \u00e4rztlicher Fahrl\u00e4ssigkeit und Schadensersatzanspr\u00fcchen. Gleichzeitig verf\u00fcgen wir \u00fcber langj\u00e4hrige Erfahrung im Strafrecht, vertreten Angeklagte wie auch Opfer in schweren Strafsachen sowie im Zivil- und Handelsrecht. Unsere Dienstleistungen decken Bankangelegenheiten, Schuldensanierungen, Unternehmensbeziehungen und Vertr\u00e4ge ab. Mit Instrumenten wie dem au\u00dfergerichtlichen Schuldenregelungsmechanismus und bilateralen Vereinbarungen erzielen wir substanzielle und nachhaltige L\u00f6sungen f\u00fcr Privatpersonen und Unternehmen.<\/p>\n\n\n\n<p>Unser Team besteht aus Anw\u00e4lten mit solider wissenschaftlicher Ausbildung und Spezialisierung in entscheidenden Rechtsbereichen, die theoretisches Wissen mit praktischer Erfahrung verbinden. Wir investieren kontinuierlich in Ausbildung und Weiterbildung, um stets \u00fcber die Entwicklungen in Gesetzgebung, Rechtsprechung und modernen juristischen Praktiken informiert zu bleiben.<\/p>\n\n\n\n<p>Wir legen besonderen Wert auf die detaillierte Untersuchung jedes Falls und auf eine ma\u00dfgeschneiderte Strategie. F\u00fcr uns ist jeder Fall einzigartig, und jeder Mandant verdient unsere Zeit und Aufmerksamkeit. Unser Ziel ist es, den bestm\u00f6glichen Schutz und die gerechteste L\u00f6sung zu gew\u00e4hrleisten \u2013 sei es durch Gerichtsverfahren oder durch pr\u00e4ventive rechtliche Beratung.<\/p>\n\n\n\n<p>Unsere Mission beschr\u00e4nkt sich nicht nur auf die Durchsetzung von Rechten, sondern erstreckt sich auch auf die Vermeidung von Streitigkeiten und rechtlichen Risiken. Wir bieten Beratungsdienste an, die die Rechtssicherheit unserer Mandanten st\u00e4rken und ihnen helfen, fundierte Entscheidungen f\u00fcr ihre Zukunft zu treffen.<\/p>\n\n\n\n<p>Mit Respekt, Transparenz und Hingabe stehen wir seit \u00fcber drei Jahrzehnten an der Seite von Menschen und Unternehmen, die uns vertrauen. F\u00fcr uns bemisst sich Erfolg nicht nur an gerichtlichen Siegen, sondern auch an den langfristigen Vertrauensbeziehungen, die wir zu unseren Mandanten aufbauen, und an unserem kontinuierlichen Beitrag zur Gerechtigkeit und zur Gesellschaft.<\/p>\n","protected":false},"excerpt":{"rendered":"<p>Die Anwaltskanzlei Patounas &amp; Partner wurde 1990 von Christos D. Patounas gegr\u00fcndet und dient seitdem B\u00fcrgern und Unternehmen, die uns ihr Vertrauen schenken, mit Konsequenz und Professionalit\u00e4t. Mit Sitz in Thessaloniki, Egnatia-Stra\u00dfe 35, befinden wir uns in modernen und vollst\u00e4ndig ausgestatteten R\u00e4umlichkeiten, die unseren Respekt gegen\u00fcber den Mandanten und unser Engagement f\u00fcr qualitativ hochwertige Dienstleistungen<a href=\"https:\/\/patounaslaw.gr\/de\/about-us\/\">Continue reading <span class=\"sr-only\">&#8220;\u00dcber Uns&#8221;<\/span><\/a><\/p>\n","protected":false},"author":1,"featured_media":0,"parent":0,"menu_order":0,"comment_status":"closed","ping_status":"closed","template":"","meta":{"_acf_changed":false,"footnotes":""},"class_list":["post-15","page","type-page","status-publish","hentry"],"translation":{"provider":"WPGlobus","version":"3.0.2","language":"de","enabled_languages":["el","en","de","ru","fr"],"languages":{"el":{"title":true,"content":true,"excerpt":false},"en":{"title":true,"content":true,"excerpt":false},"de":{"title":true,"content":true,"excerpt":false},"ru":{"title":true,"content":true,"excerpt":false},"fr":{"title":true,"content":true,"excerpt":false}}},"acf":[],"jetpack_sharing_enabled":true,"_links":{"self":[{"href":"https:\/\/patounaslaw.gr\/de\/wp-json\/wp\/v2\/pages\/15","targetHints":{"allow":["GET"]}}],"collection":[{"href":"https:\/\/patounaslaw.gr\/de\/wp-json\/wp\/v2\/pages"}],"about":[{"href":"https:\/\/patounaslaw.gr\/de\/wp-json\/wp\/v2\/types\/page"}],"author":[{"embeddable":true,"href":"https:\/\/patounaslaw.gr\/de\/wp-json\/wp\/v2\/users\/1"}],"replies":[{"embeddable":true,"href":"https:\/\/patounaslaw.gr\/de\/wp-json\/wp\/v2\/comments?post=15"}],"version-history":[{"count":11,"href":"https:\/\/patounaslaw.gr\/de\/wp-json\/wp\/v2\/pages\/15\/revisions"}],"predecessor-version":[{"id":182,"href":"https:\/\/patounaslaw.gr\/de\/wp-json\/wp\/v2\/pages\/15\/revisions\/182"}],"wp:attachment":[{"href":"https:\/\/patounaslaw.gr\/de\/wp-json\/wp\/v2\/media?parent=15"}],"curies":[{"name":"wp","href":"https:\/\/api.w.org\/{rel}","templated":true}]}}